{"id":7209,"date":"2014-08-28T09:15:02","date_gmt":"2014-08-28T09:15:02","guid":{"rendered":"http:\/\/www.thanxgod.com\/v3\/?page_id=7209"},"modified":"2025-08-14T13:18:08","modified_gmt":"2025-08-14T11:18:08","slug":"a-propos","status":"publish","type":"page","link":"https:\/\/www.thanxgod.com\/v3\/a-propos\/","title":{"rendered":"A propos"},"content":{"rendered":"\t\t<div data-elementor-type=\"wp-post\" data-elementor-id=\"7209\" class=\"elementor elementor-7209 elementor-7043\" data-elementor-post-type=\"page\">\n\t\t\t\t\t\t<section class=\"elementor-section elementor-top-section elementor-element elementor-element-33db02e2 elementor-section-boxed elementor-section-height-default elementor-section-height-default\" data-id=\"33db02e2\" data-element_type=\"section\" data-e-type=\"section\">\n\t\t\t\t\t\t<div class=\"elementor-container elementor-column-gap-default\">\n\t\t\t\t\t<div class=\"elementor-column elementor-col-100 elementor-top-column elementor-element elementor-element-4496b34c\" data-id=\"4496b34c\" data-element_type=\"column\" data-e-type=\"column\">\n\t\t\t<div class=\"elementor-widget-wrap elementor-element-populated\">\n\t\t\t\t\t\t<div class=\"elementor-element elementor-element-4429a9d9 elementor-widget elementor-widget-text-editor\" data-id=\"4429a9d9\" data-element_type=\"widget\" data-e-type=\"widget\" data-widget_type=\"text-editor.default\">\n\t\t\t\t<div class=\"elementor-widget-container\">\n\t\t\t\t\t\t\t\t\t<p><img fetchpriority=\"high\" decoding=\"async\" class=\"alignleft wp-image-7071 size-medium\" src=\"https:\/\/www.thanxgod.com\/v3\/wp-content\/uploads\/2014\/05\/Photo-Amnaye-Sylvie-300x444.jpg\" alt=\"Amnaye Nhas &amp; Sylvie Chateigner\" width=\"202\" height=\"300\" srcset=\"https:\/\/www.thanxgod.com\/v3\/wp-content\/uploads\/2014\/05\/Photo-Amnaye-Sylvie-300x444.jpg 300w, https:\/\/www.thanxgod.com\/v3\/wp-content\/uploads\/2014\/05\/Photo-Amnaye-Sylvie-200x296.jpg 200w, https:\/\/www.thanxgod.com\/v3\/wp-content\/uploads\/2014\/05\/Photo-Amnaye-Sylvie.jpg 453w\" sizes=\"(max-width: 202px) 100vw, 202px\" \/><\/p>\n<p style=\"color: #330000;\"><strong>THANX GOD I\u2019M A VIP<\/strong>, TGV pour les initi\u00e9s, a \u00e9t\u00e9 fond\u00e9 en 1994 par Sylvie Chateigner.<br>Tout a commenc\u00e9 par une premi\u00e8re boutique de vintage au coeur du quartier Montorgueil, suivi quelques mois plus tard par le lancement des soir\u00e9es \u00e9ponymes \u00e0 l\u2019Elys\u00e9e Montmartre.<br>De la Salle Wagram au Maxim\u2019s en passant par le Ritz, la r\u00e9putation des soir\u00e9es TGV s\u2019est faite sur une forte identit\u00e9 musicale en accueillant la \u00ab&nbsp;French Touch&nbsp;\u00bb naissante ainsi que des Djs internationaux. Cette&nbsp; programmation sans concession fait&nbsp; d\u00e9filer les figures majeures de la sc\u00e8ne House mondiale. Mais TGV c\u2019est aussi un public \u00e9clectique, qui \u00e0 l\u2019image de la boutique est multi-\u00e9thnique et parisien.<\/p>\n<p><span style=\"font-size: 15px;\">En 2005, Sylvie Chateigner rencontre Amnaye Nhas qui devient Dj r\u00e9sident des soir\u00e9es ainsi que son partenaire au sein de TGV.<br><\/span><span style=\"font-size: 15px;\">En 2008 THANX GOD I\u2019M A V.I.P. ouvre un espace de 300m2 d\u00e9di\u00e9 au vintage \u00e0 deux pas de la Place de la R\u00e9publique.<br><\/span><span style=\"font-size: 15px;\">En 2014 cr\u00e9ation de THANX GOD RADIO PARIS une radio en ligne disponible \u00e9galement sur iPhone et Android avec un stream 24\/24 et des heures de mix \u00e0 la demande.<br><\/span><span style=\"font-size: 15px;\">En 2016 ouverture de LA MANUFACTURE un espace atelier de 400 m2 pour les showrooms, d\u00e9fil\u00e9s et shooting photo<br><\/span><span style=\"font-size: 15px;\">En 2019 ouverture d&rsquo;une boutique de 100 m2 d\u00e9di\u00e9 \u00e0 l&rsquo;Homme au 14 rue de Lancry.<br><\/span><span style=\"font-size: 15px;\">En 2021 ouverture du Bazar au 16 rue de Lancry<br><\/span><span style=\"font-size: 15px;\">En 2025 ouverture de la boutique saisonni\u00e8re au Croisic en Bretagne<\/span><\/p>\n<p>On y trouve une s\u00e9lection de pi\u00e8ces impeccables et souvent neuves parmi les maisons les plus prestigieuses&nbsp;: Ala\u00efa, Burberry\u2019s, Chanel, Herm\u00e8s, Lanvin, YSL\u2026 Mais aussi, toujours dans le m\u00eame esprit, un floril\u00e8ge de pi\u00e8ces \u00e0 petits prix choisies avec un \u00e9gal crit\u00e8re d\u2019exception et de qualit\u00e9.<\/p>\n<p>Ce choix pointu, attire une client\u00e8le internationale. Professionnels et aficionados de la mode se pressent au Shop de la rue de Lancry poussant les deux fondateurs \u00e0 lancer un site de vente en ligne d\u00e9di\u00e9 \u00e0 leurs plus belles pi\u00e8ces pour satisfaire les amateurs de vintage du monde entier.<\/p>\n<p style=\"color: #330000;\">THANX GOD I&rsquo;M A V.I.P &#8211; <b>Paris<\/b><br><strong>12 &#8211; 14 &#8211; 16 rue de lancry 75010 Paris \u2014 France<\/strong><br>T (33) 01 42 03 02 09<br><strong>Mardi au samedi 14:00 &#8211; 20:00<\/strong><\/p>\n<p>THANX GOD I&rsquo;M A V.I.P &#8211; <b>Le Croisic<\/b><br><strong>2 boulevard du G\u00e9n\u00e9ral Leclerc 44490 Le Croisic \u2014 France<\/strong><br>T (33) 07 600 90 600<br><b>Tous les jours 11:00\/13:00 &#8211; 15:00\/19:00 &#8211; Juillet et Ao\u00fbt<\/b><br><br>contact@thanxgod.com<\/p>\n<p style=\"color: #330000;\">\n<\/p><p style=\"color: #330000;\"><strong>THANX GOD I&rsquo;M A V.I.P&nbsp;services<\/strong><br>Livraison dans Paris , service de retouches, free wifi<\/p>\n<p style=\"color: #330000;\"><strong>Moyen de paiements<\/strong> Visa cards, Master cards, American Express, Paypal, Union Pay, Stripe et esp\u00e8ces<\/p>\n<p style=\"color: #330000; text-align: justify;\"><strong>Contact Presse<\/strong> Amnaye Nhas: Tel 07 600 90 600 \/ amnaye@thanxgod.com&nbsp;<\/p>\n<p style=\"color: #400400;\">\n<\/p><h3 style=\"text-align: center; color: #330000;\"><strong>VISITE VIRTUELLE DE NOTRE BOUTIQUE<\/strong><\/h3>\t\t\t\t\t\t\t\t<\/div>\n\t\t\t\t<\/div>\n\t\t\t\t<div class=\"elementor-element elementor-element-c8f315e elementor-widget elementor-widget-html\" data-id=\"c8f315e\" data-element_type=\"widget\" data-e-type=\"widget\" data-widget_type=\"html.default\">\n\t\t\t\t<div class=\"elementor-widget-container\">\n\t\t\t\t\t<div id='wp3d-121'><a href='https:\/\/reperage.fr\/3d-model\/thxgodimvip\/fullscreen\/?embedded'>LOADING - THANX GOD I\u2019M A V.I.P.<\/a><script src='\/\/s3-us-west-2.amazonaws.com\/wp3dmodels\/js\/embed-iframe.js?id=wp3d-121'><\/script><\/div>\t\t\t\t<\/div>\n\t\t\t\t<\/div>\n\t\t\t\t\t<\/div>\n\t\t<\/div>\n\t\t\t\t\t<\/div>\n\t\t<\/section>\n\t\t\t\t<\/div>\n\t\t","protected":false},"excerpt":{"rendered":"<p>yes<\/p>\n","protected":false},"author":1,"featured_media":0,"parent":0,"menu_order":0,"comment_status":"closed","ping_status":"open","template":"","meta":{"_eb_attr":"","_uag_custom_page_level_css":"","site-sidebar-layout":"default","site-content-layout":"default","ast-site-content-layout":"default","site-content-style":"default","site-sidebar-style":"default","ast-global-header-display":"","ast-banner-title-visibility":"","ast-main-header-display":"","ast-hfb-above-header-display":"","ast-hfb-below-header-display":"","ast-hfb-mobile-header-display":"","site-post-title":"","ast-breadcrumbs-content":"","ast-featured-img":"","footer-sml-layout":"","ast-disable-related-posts":"","theme-transparent-header-meta":"default","adv-header-id-meta":"","stick-header-meta":"default","header-above-stick-meta":"","header-main-stick-meta":"","header-below-stick-meta":"","astra-migrate-meta-layouts":"set","ast-page-background-enabled":"default","ast-page-background-meta":{"desktop":{"background-color":"","background-image":"","background-repeat":"repeat","background-position":"center center","background-size":"auto","background-attachment":"scroll","background-type":"","background-media":"","overlay-type":"","overlay-color":"","overlay-opacity":"","overlay-gradient":""},"tablet":{"background-color":"","background-image":"","background-repeat":"repeat","background-position":"center center","background-size":"auto","background-attachment":"scroll","background-type":"","background-media":"","overlay-type":"","overlay-color":"","overlay-opacity":"","overlay-gradient":""},"mobile":{"background-color":"","background-image":"","background-repeat":"repeat","background-position":"center center","background-size":"auto","background-attachment":"scroll","background-type":"","background-media":"","overlay-type":"","overlay-color":"","overlay-opacity":"","overlay-gradient":""}},"ast-content-background-meta":{"desktop":{"background-color":"var(--ast-global-color-5)","background-image":"","background-repeat":"repeat","background-position":"center center","background-size":"auto","background-attachment":"scroll","background-type":"","background-media":"","overlay-type":"","overlay-color":"","overlay-opacity":"","overlay-gradient":""},"tablet":{"background-color":"var(--ast-global-color-5)","background-image":"","background-repeat":"repeat","background-position":"center center","background-size":"auto","background-attachment":"scroll","background-type":"","background-media":"","overlay-type":"","overlay-color":"","overlay-opacity":"","overlay-gradient":""},"mobile":{"background-color":"var(--ast-global-color-5)","background-image":"","background-repeat":"repeat","background-position":"center center","background-size":"auto","background-attachment":"scroll","background-type":"","background-media":"","overlay-type":"","overlay-color":"","overlay-opacity":"","overlay-gradient":""}},"ngg_post_thumbnail":0,"footnotes":""},"class_list":["post-7209","page","type-page","status-publish","hentry"],"uagb_featured_image_src":{"full":false,"thumbnail":false,"medium":false,"medium_large":false,"large":false,"1536x1536":false,"2048x2048":false},"uagb_author_info":{"display_name":"Amnaye NHAS","author_link":"https:\/\/www.thanxgod.com\/v3\/author\/amnaye\/"},"uagb_comment_info":0,"uagb_excerpt":"yes","_links":{"self":[{"href":"https:\/\/www.thanxgod.com\/v3\/wp-json\/wp\/v2\/pages\/7209","targetHints":{"allow":["GET"]}}],"collection":[{"href":"https:\/\/www.thanxgod.com\/v3\/wp-json\/wp\/v2\/pages"}],"about":[{"href":"https:\/\/www.thanxgod.com\/v3\/wp-json\/wp\/v2\/types\/page"}],"author":[{"embeddable":true,"href":"https:\/\/www.thanxgod.com\/v3\/wp-json\/wp\/v2\/users\/1"}],"replies":[{"embeddable":true,"href":"https:\/\/www.thanxgod.com\/v3\/wp-json\/wp\/v2\/comments?post=7209"}],"version-history":[{"count":16,"href":"https:\/\/www.thanxgod.com\/v3\/wp-json\/wp\/v2\/pages\/7209\/revisions"}],"predecessor-version":[{"id":42944,"href":"https:\/\/www.thanxgod.com\/v3\/wp-json\/wp\/v2\/pages\/7209\/revisions\/42944"}],"wp:attachment":[{"href":"https:\/\/www.thanxgod.com\/v3\/wp-json\/wp\/v2\/media?parent=7209"}],"curies":[{"name":"wp","href":"https:\/\/api.w.org\/{rel}","templated":true}]}}